{"id":298,"date":"2025-09-02T10:20:11","date_gmt":"2025-09-02T10:20:11","guid":{"rendered":"https:\/\/www.sociovigilance.org\/?page_id=298"},"modified":"2025-09-02T10:29:29","modified_gmt":"2025-09-02T10:29:29","slug":"mentions-legales-vie-privee","status":"publish","type":"page","link":"https:\/\/www.sociovigilance.org\/?page_id=298","title":{"rendered":"Mentions l\u00e9gales et politique de confidentialit\u00e9"},"content":{"rendered":"\n<h2 class=\"wp-block-heading\">\u00c9diteur du site<\/h2>\n\n\n\n<p>Ce site est \u00e9dit\u00e9 par :<br><strong>Nina Tarhouny<\/strong><br>Docteure en droit \u2013 Experte en sant\u00e9 au travail<br>Email : <a>nina.tarhouny@gmail.com<\/a><br>Site : <a href=\"https:\/\/sociovigilance.org?utm_source=chatgpt.com\">https:\/\/sociovigilance.org<\/a><\/p>\n\n\n\n<h2 class=\"wp-block-heading\">H\u00e9bergement<\/h2>\n\n\n\n<p>Ce site est h\u00e9berg\u00e9 par :<br><strong>OVH<\/strong><br>2 rue Kellermann &#8211; 59100 Roubaix &#8211; France<br>Site : <a href=\"https:\/\/www.ovhcloud.com\/fr\/\">https:\/\/www.ovhcloud.com\/fr\/<\/a><\/p>\n\n\n\n<h2 class=\"wp-block-heading\">Propri\u00e9t\u00e9 intellectuelle<\/h2>\n\n\n\n<p>L\u2019ensemble du site et de ses contenus (textes, visuels, images, vid\u00e9os, logo, structure, etc.) est la propri\u00e9t\u00e9 exclusive de Nina Tarhouny, sauf mention contraire.<br>Toute reproduction ou r\u00e9utilisation, totale ou partielle, sans autorisation \u00e9crite pr\u00e9alable est interdite et constitue une violation du Code de la propri\u00e9t\u00e9 intellectuelle.<\/p>\n\n\n\n<h2 class=\"wp-block-heading\">Responsabilit\u00e9<\/h2>\n\n\n\n<p>Les informations publi\u00e9es sur ce site sont r\u00e9guli\u00e8rement v\u00e9rifi\u00e9es. Toutefois, l\u2019\u00e9diteur ne saurait \u00eatre tenu responsable d\u2019omissions, d\u2019inexactitudes ou de carences dans la mise \u00e0 jour.<br>Les liens vers des sites externes sont propos\u00e9s \u00e0 titre informatif ; leur contenu ne saurait engager la responsabilit\u00e9 de l\u2019\u00e9diteur du site.<\/p>\n\n\n\n<h2 class=\"wp-block-heading\">Donn\u00e9es personnelles<\/h2>\n\n\n\n<p>Ce site ne collecte aucune donn\u00e9e personnelle sans votre consentement.<br>Aucun formulaire d\u2019inscription, de commentaire ou de cr\u00e9ation de compte n\u2019est actif sur ce site.<br>La signature de la p\u00e9tition s\u2019effectue via un site tiers (plateforme officielle du CESE), qui est seul responsable du traitement des donn\u00e9es transmises. Nous vous invitons \u00e0 consulter leur politique de confidentialit\u00e9 sur leur propre site.<\/p>\n\n\n\n<h2 class=\"wp-block-heading\">Cookies<\/h2>\n\n\n\n<p>Ce site ne d\u00e9pose aucun cookie \u00e0 des fins publicitaires ou de suivi.<br>Seuls des cookies strictement n\u00e9cessaires au bon fonctionnement technique du site peuvent \u00eatre utilis\u00e9s.<\/p>\n\n\n\n<h2 class=\"wp-block-heading\">Droit applicable<\/h2>\n\n\n\n<p>Les pr\u00e9sentes mentions sont r\u00e9gies par le droit fran\u00e7ais.<br>Tout litige relatif \u00e0 l\u2019utilisation de ce site sera soumis aux juridictions comp\u00e9tentes.<\/p>\n\n\n\n<h2 class=\"wp-block-heading\">Mise \u00e0 jour<\/h2>\n\n\n\n<p>Derni\u00e8re mise \u00e0 jour : 2 septembre 2025<\/p>\n","protected":false},"excerpt":{"rendered":"<p>\u00c9diteur du site Ce site est \u00e9dit\u00e9 par :Nina TarhounyDocteure en droit \u2013 Experte en sant\u00e9 au travailEmail : nina.tarhouny@gmail.comSite : https:\/\/sociovigilance.org H\u00e9bergement Ce site est h\u00e9berg\u00e9 par :OVH2 rue Kellermann &#8211; 59100 Roubaix &#8211; FranceSite : https:\/\/www.ovhcloud.com\/fr\/ Propri\u00e9t\u00e9 intellectuelle L\u2019ensemble du site et de ses contenus (textes, visuels, images, vid\u00e9os, logo, structure, etc.) est [&hellip;]<\/p>\n","protected":false},"author":1,"featured_media":0,"parent":0,"menu_order":0,"comment_status":"closed","ping_status":"closed","template":"","meta":{"saved_in_kubio":false,"footnotes":""},"class_list":["post-298","page","type-page","status-publish","hentry"],"kubio_ai_page_context":{"short_desc":"","purpose":"general"},"_links":{"self":[{"href":"https:\/\/www.sociovigilance.org\/index.php?rest_route=\/wp\/v2\/pages\/298","targetHints":{"allow":["GET"]}}],"collection":[{"href":"https:\/\/www.sociovigilance.org\/index.php?rest_route=\/wp\/v2\/pages"}],"about":[{"href":"https:\/\/www.sociovigilance.org\/index.php?rest_route=\/wp\/v2\/types\/page"}],"author":[{"embeddable":true,"href":"https:\/\/www.sociovigilance.org\/index.php?rest_route=\/wp\/v2\/users\/1"}],"replies":[{"embeddable":true,"href":"https:\/\/www.sociovigilance.org\/index.php?rest_route=%2Fwp%2Fv2%2Fcomments&post=298"}],"version-history":[{"count":3,"href":"https:\/\/www.sociovigilance.org\/index.php?rest_route=\/wp\/v2\/pages\/298\/revisions"}],"predecessor-version":[{"id":307,"href":"https:\/\/www.sociovigilance.org\/index.php?rest_route=\/wp\/v2\/pages\/298\/revisions\/307"}],"wp:attachment":[{"href":"https:\/\/www.sociovigilance.org\/index.php?rest_route=%2Fwp%2Fv2%2Fmedia&parent=298"}],"curies":[{"name":"wp","href":"https:\/\/api.w.org\/{rel}","templated":true}]}}